{"id":2989,"date":"2020-06-30T10:23:40","date_gmt":"2020-06-30T10:23:40","guid":{"rendered":"https:\/\/alteq-international.com\/vind-een-dealer\/"},"modified":"2020-11-03T20:50:40","modified_gmt":"2020-11-03T20:50:40","slug":"vind-een-dealer","status":"publish","type":"page","link":"https:\/\/alteq-international.com\/de\/vind-een-dealer\/","title":{"rendered":"H\u00e4ndler suchen"},"content":{"rendered":"\t\t<div data-elementor-type=\"wp-page\" data-elementor-id=\"2989\" class=\"elementor elementor-2989 elementor-325\" data-elementor-post-type=\"page\">\n\t\t\t\t\t\t<section class=\"elementor-section elementor-top-section elementor-element elementor-element-bf861e6 elementor-section-boxed elementor-section-height-default elementor-section-height-default\" data-id=\"bf861e6\" data-element_type=\"section\" data-e-type=\"section\">\n\t\t\t\t\t\t<div class=\"elementor-container elementor-column-gap-default\">\n\t\t\t\t\t<div class=\"elementor-column elementor-col-100 elementor-top-column elementor-element elementor-element-6eaa719\" data-id=\"6eaa719\" data-element_type=\"column\" data-e-type=\"column\">\n\t\t\t<div class=\"elementor-widget-wrap elementor-element-populated\">\n\t\t\t\t\t\t<div class=\"elementor-element elementor-element-b6d2a8c elementor-widget elementor-widget-heading\" data-id=\"b6d2a8c\" data-element_type=\"widget\" data-e-type=\"widget\" data-widget_type=\"heading.default\">\n\t\t\t\t<div class=\"elementor-widget-container\">\n\t\t\t\t\t<h1 class=\"elementor-heading-title elementor-size-default\">H\u00e4ndler suchen<\/h1>\t\t\t\t<\/div>\n\t\t\t\t<\/div>\n\t\t\t\t<div class=\"elementor-element elementor-element-6ed48f7 elementor-widget-divider--view-line elementor-widget elementor-widget-divider\" data-id=\"6ed48f7\" data-element_type=\"widget\" data-e-type=\"widget\" data-widget_type=\"divider.default\">\n\t\t\t\t<div class=\"elementor-widget-container\">\n\t\t\t\t\t\t\t<div class=\"elementor-divider\">\n\t\t\t<span class=\"elementor-divider-separator\">\n\t\t\t\t\t\t<\/span>\n\t\t<\/div>\n\t\t\t\t\t\t<\/div>\n\t\t\t\t<\/div>\n\t\t\t\t\t<\/div>\n\t\t<\/div>\n\t\t\t\t\t<\/div>\n\t\t<\/section>\n\t\t\t\t<section class=\"elementor-section elementor-top-section elementor-element elementor-element-dbd1e0e elementor-section-stretched elementor-section-boxed elementor-section-height-default elementor-section-height-default\" data-id=\"dbd1e0e\" data-element_type=\"section\" data-e-type=\"section\" data-settings=\"{&quot;stretch_section&quot;:&quot;section-stretched&quot;,&quot;background_background&quot;:&quot;classic&quot;}\">\n\t\t\t\t\t\t<div class=\"elementor-container elementor-column-gap-default\">\n\t\t\t\t\t<div class=\"elementor-column elementor-col-100 elementor-top-column elementor-element elementor-element-dbc0b91\" data-id=\"dbc0b91\" data-element_type=\"column\" data-e-type=\"column\">\n\t\t\t<div class=\"elementor-widget-wrap elementor-element-populated\">\n\t\t\t\t\t\t<div class=\"elementor-element elementor-element-26fd157 elementor-widget elementor-widget-text-editor\" data-id=\"26fd157\" data-element_type=\"widget\" data-e-type=\"widget\" data-widget_type=\"text-editor.default\">\n\t\t\t\t<div class=\"elementor-widget-container\">\n\t\t\t\t\t\t\t\t\t<p>Alteq vertreibt seine Produkte \u00fcber Gro\u00dfh\u00e4ndler in Ihrer N\u00e4he. Dadurch erhalten Sie einen pers\u00f6nlichen und fachkundigen Service mit kurzen Lieferzeiten. <br \/>Suchen Sie den n\u00e4chstgelegenen H\u00e4ndler und fragen Sie nach Ihren Bedingungen.<\/p>\t\t\t\t\t\t\t\t<\/div>\n\t\t\t\t<\/div>\n\t\t\t\t\t<\/div>\n\t\t<\/div>\n\t\t\t\t\t<\/div>\n\t\t<\/section>\n\t\t\t\t<section class=\"elementor-section elementor-top-section elementor-element elementor-element-a376bf5 elementor-section-boxed elementor-section-height-default elementor-section-height-default\" data-id=\"a376bf5\" data-element_type=\"section\" data-e-type=\"section\">\n\t\t\t\t\t\t<div class=\"elementor-container elementor-column-gap-default\">\n\t\t\t\t\t<div class=\"elementor-column elementor-col-100 elementor-top-column elementor-element elementor-element-387b937\" data-id=\"387b937\" data-element_type=\"column\" data-e-type=\"column\">\n\t\t\t<div class=\"elementor-widget-wrap elementor-element-populated\">\n\t\t\t\t\t\t<div class=\"elementor-element elementor-element-89afc8e elementor-widget elementor-widget-shortcode\" data-id=\"89afc8e\" data-element_type=\"widget\" data-e-type=\"widget\" data-widget_type=\"shortcode.default\">\n\t\t\t\t<div class=\"elementor-widget-container\">\n\t\t\t\t\t\t\t<div class=\"elementor-shortcode\"><style>\r\n\t#wpsl-stores .wpsl-store-thumb {height:45px !important; width:45px !important;}\r\n\t#wpsl-stores, #wpsl-direction-details, #wpsl-gmap {height:350px !important;}\r\n\t#wpsl-gmap .wpsl-info-window {max-width:225px !important;}\r\n\t.wpsl-input label, #wpsl-radius label, #wpsl-category label {width:95px;}\r\n\t#wpsl-search-input  {width:179px;}\r\n<\/style>\r\n<div id=\"wpsl-wrap\">\r\n\t<div class=\"wpsl-search wpsl-clearfix wpsl-no-filters\">\r\n\t\t<div id=\"wpsl-search-wrap\">\r\n\t\t\t<form autocomplete=\"off\">\r\n\t\t\t<div class=\"wpsl-input\">\r\n\t\t\t\t<div><label for=\"wpsl-search-input\">Your location<\/label><\/div>\r\n\t\t\t\t<input id=\"wpsl-search-input\" type=\"text\" value=\"\" name=\"wpsl-search-input\" placeholder=\"\" aria-required=\"true\" \/>\r\n\t\t\t<\/div>\r\n\t\t\t\t<div class=\"wpsl-search-btn-wrap\"><input id=\"wpsl-search-btn\" type=\"submit\" value=\"Search\"><\/div>\r\n\t\t<\/form>\r\n\t\t<\/div>\r\n\t<\/div>\r\n\t<div id=\"wpsl-gmap\" class=\"wpsl-gmap-canvas\"><\/div>\r\n\t<div id=\"wpsl-result-list\">\r\n\t\t<div id=\"wpsl-stores\" class=\"wpsl-not-loaded\">\r\n\t\t\t<ul><\/ul>\r\n\t\t<\/div>\r\n\t\t<div id=\"wpsl-direction-details\">\r\n\t\t\t<ul><\/ul>\r\n\t\t<\/div>\r\n\t<\/div>\r\n<\/div>\r\n<\/div>\n\t\t\t\t\t\t<\/div>\n\t\t\t\t<\/div>\n\t\t\t\t\t<\/div>\n\t\t<\/div>\n\t\t\t\t\t<\/div>\n\t\t<\/section>\n\t\t\t\t<\/div>\n\t\t","protected":false},"excerpt":{"rendered":"<p>H\u00e4ndler suchen Alteq vertreibt seine Produkte \u00fcber Gro\u00dfh\u00e4ndler in Ihrer N\u00e4he. Dadurch erhalten Sie einen pers\u00f6nlichen und fachkundigen Service mit kurzen Lieferzeiten. Suchen Sie den n\u00e4chstgelegenen H\u00e4ndler und fragen Sie nach Ihren Bedingungen.<\/p>\n","protected":false},"author":1,"featured_media":0,"parent":0,"menu_order":0,"comment_status":"closed","ping_status":"closed","template":"","meta":{"ocean_post_layout":"","ocean_both_sidebars_style":"","ocean_both_sidebars_content_width":0,"ocean_both_sidebars_sidebars_width":0,"ocean_sidebar":"0","ocean_second_sidebar":"0","ocean_disable_margins":"enable","ocean_add_body_class":"","ocean_shortcode_before_top_bar":"","ocean_shortcode_after_top_bar":"","ocean_shortcode_before_header":"","ocean_shortcode_after_header":"","ocean_has_shortcode":"","ocean_shortcode_after_title":"","ocean_shortcode_before_footer_widgets":"","ocean_shortcode_after_footer_widgets":"","ocean_shortcode_before_footer_bottom":"","ocean_shortcode_after_footer_bottom":"","ocean_display_top_bar":"default","ocean_display_header":"default","ocean_header_style":"","ocean_center_header_left_menu":"0","ocean_custom_header_template":"0","ocean_custom_logo":0,"ocean_custom_retina_logo":0,"ocean_custom_logo_max_width":0,"ocean_custom_logo_tablet_max_width":0,"ocean_custom_logo_mobile_max_width":0,"ocean_custom_logo_max_height":0,"ocean_custom_logo_tablet_max_height":0,"ocean_custom_logo_mobile_max_height":0,"ocean_header_custom_menu":"0","ocean_menu_typo_font_family":"0","ocean_menu_typo_font_subset":"","ocean_menu_typo_font_size":0,"ocean_menu_typo_font_size_tablet":0,"ocean_menu_typo_font_size_mobile":0,"ocean_menu_typo_font_size_unit":"px","ocean_menu_typo_font_weight":"","ocean_menu_typo_font_weight_tablet":"","ocean_menu_typo_font_weight_mobile":"","ocean_menu_typo_transform":"","ocean_menu_typo_transform_tablet":"","ocean_menu_typo_transform_mobile":"","ocean_menu_typo_line_height":0,"ocean_menu_typo_line_height_tablet":0,"ocean_menu_typo_line_height_mobile":0,"ocean_menu_typo_line_height_unit":"","ocean_menu_typo_spacing":0,"ocean_menu_typo_spacing_tablet":0,"ocean_menu_typo_spacing_mobile":0,"ocean_menu_typo_spacing_unit":"","ocean_menu_link_color":"","ocean_menu_link_color_hover":"","ocean_menu_link_color_active":"","ocean_menu_link_background":"","ocean_menu_link_hover_background":"","ocean_menu_link_active_background":"","ocean_menu_social_links_bg":"","ocean_menu_social_hover_links_bg":"","ocean_menu_social_links_color":"","ocean_menu_social_hover_links_color":"","ocean_disable_title":"default","ocean_disable_heading":"default","ocean_post_title":"","ocean_post_subheading":"","ocean_post_title_style":"","ocean_post_title_background_color":"","ocean_post_title_background":0,"ocean_post_title_bg_image_position":"","ocean_post_title_bg_image_attachment":"","ocean_post_title_bg_image_repeat":"","ocean_post_title_bg_image_size":"","ocean_post_title_height":0,"ocean_post_title_bg_overlay":0.5,"ocean_post_title_bg_overlay_color":"","ocean_disable_breadcrumbs":"default","ocean_breadcrumbs_color":"","ocean_breadcrumbs_separator_color":"","ocean_breadcrumbs_links_color":"","ocean_breadcrumbs_links_hover_color":"","ocean_display_footer_widgets":"default","ocean_display_footer_bottom":"default","ocean_custom_footer_template":"0","omw_enable_modal_window":"enable","footnotes":""},"class_list":["post-2989","page","type-page","status-publish","hentry","entry","owp-thumbs-layout-horizontal","owp-btn-normal","owp-tabs-layout-horizontal","has-no-thumbnails","has-product-nav"],"yoast_head":"<!-- This site is optimized with the Yoast SEO plugin v27.0 - https:\/\/yoast.com\/product\/yoast-seo-wordpress\/ -->\n<title>H\u00e4ndler suchen - Alteq<\/title>\n<meta name=\"robots\" content=\"index, follow, max-snippet:-1, max-image-preview:large, max-video-preview:-1\" \/>\n<link rel=\"canonical\" href=\"https:\/\/alteq-international.com\/de\/vind-een-dealer\/\" \/>\n<meta property=\"og:locale\" content=\"de_DE\" \/>\n<meta property=\"og:type\" content=\"article\" \/>\n<meta property=\"og:title\" content=\"H\u00e4ndler suchen - Alteq\" \/>\n<meta property=\"og:description\" content=\"H\u00e4ndler suchen Alteq vertreibt seine Produkte \u00fcber Gro\u00dfh\u00e4ndler in Ihrer N\u00e4he. Dadurch erhalten Sie einen pers\u00f6nlichen und fachkundigen Service mit kurzen Lieferzeiten. Suchen Sie den n\u00e4chstgelegenen H\u00e4ndler und fragen Sie nach Ihren Bedingungen.\" \/>\n<meta property=\"og:url\" content=\"https:\/\/alteq-international.com\/de\/vind-een-dealer\/\" \/>\n<meta property=\"og:site_name\" content=\"Alteq\" \/>\n<meta property=\"article:modified_time\" content=\"2020-11-03T20:50:40+00:00\" \/>\n<meta name=\"twitter:card\" content=\"summary_large_image\" \/>\n<script type=\"application\/ld+json\" class=\"yoast-schema-graph\">{\"@context\":\"https:\/\/schema.org\",\"@graph\":[{\"@type\":\"WebPage\",\"@id\":\"https:\/\/alteq-international.com\/de\/vind-een-dealer\/\",\"url\":\"https:\/\/alteq-international.com\/de\/vind-een-dealer\/\",\"name\":\"H\u00e4ndler suchen - Alteq\",\"isPartOf\":{\"@id\":\"https:\/\/alteq-international.com\/de\/#website\"},\"datePublished\":\"2020-06-30T10:23:40+00:00\",\"dateModified\":\"2020-11-03T20:50:40+00:00\",\"breadcrumb\":{\"@id\":\"https:\/\/alteq-international.com\/de\/vind-een-dealer\/#breadcrumb\"},\"inLanguage\":\"de\",\"potentialAction\":[{\"@type\":\"ReadAction\",\"target\":[\"https:\/\/alteq-international.com\/de\/vind-een-dealer\/\"]}]},{\"@type\":\"BreadcrumbList\",\"@id\":\"https:\/\/alteq-international.com\/de\/vind-een-dealer\/#breadcrumb\",\"itemListElement\":[{\"@type\":\"ListItem\",\"position\":1,\"name\":\"Home\",\"item\":\"https:\/\/alteq-international.com\/de\/\"},{\"@type\":\"ListItem\",\"position\":2,\"name\":\"H\u00e4ndler suchen\"}]},{\"@type\":\"WebSite\",\"@id\":\"https:\/\/alteq-international.com\/de\/#website\",\"url\":\"https:\/\/alteq-international.com\/de\/\",\"name\":\"Alteq\",\"description\":\"Pure Personality\",\"publisher\":{\"@id\":\"https:\/\/alteq-international.com\/de\/#organization\"},\"potentialAction\":[{\"@type\":\"SearchAction\",\"target\":{\"@type\":\"EntryPoint\",\"urlTemplate\":\"https:\/\/alteq-international.com\/de\/?s={search_term_string}\"},\"query-input\":{\"@type\":\"PropertyValueSpecification\",\"valueRequired\":true,\"valueName\":\"search_term_string\"}}],\"inLanguage\":\"de\"},{\"@type\":\"Organization\",\"@id\":\"https:\/\/alteq-international.com\/de\/#organization\",\"name\":\"Alteq\",\"url\":\"https:\/\/alteq-international.com\/de\/\",\"logo\":{\"@type\":\"ImageObject\",\"inLanguage\":\"de\",\"@id\":\"https:\/\/alteq-international.com\/de\/#\/schema\/logo\/image\/\",\"url\":\"https:\/\/alteq-international.com\/wp-content\/uploads\/2020\/07\/logo-alteq-groen.png\",\"contentUrl\":\"https:\/\/alteq-international.com\/wp-content\/uploads\/2020\/07\/logo-alteq-groen.png\",\"width\":837,\"height\":198,\"caption\":\"Alteq\"},\"image\":{\"@id\":\"https:\/\/alteq-international.com\/de\/#\/schema\/logo\/image\/\"}}]}<\/script>\n<!-- \/ Yoast SEO plugin. -->","yoast_head_json":{"title":"H\u00e4ndler suchen - Alteq","robots":{"index":"index","follow":"follow","max-snippet":"max-snippet:-1","max-image-preview":"max-image-preview:large","max-video-preview":"max-video-preview:-1"},"canonical":"https:\/\/alteq-international.com\/de\/vind-een-dealer\/","og_locale":"de_DE","og_type":"article","og_title":"H\u00e4ndler suchen - Alteq","og_description":"H\u00e4ndler suchen Alteq vertreibt seine Produkte \u00fcber Gro\u00dfh\u00e4ndler in Ihrer N\u00e4he. Dadurch erhalten Sie einen pers\u00f6nlichen und fachkundigen Service mit kurzen Lieferzeiten. Suchen Sie den n\u00e4chstgelegenen H\u00e4ndler und fragen Sie nach Ihren Bedingungen.","og_url":"https:\/\/alteq-international.com\/de\/vind-een-dealer\/","og_site_name":"Alteq","article_modified_time":"2020-11-03T20:50:40+00:00","twitter_card":"summary_large_image","schema":{"@context":"https:\/\/schema.org","@graph":[{"@type":"WebPage","@id":"https:\/\/alteq-international.com\/de\/vind-een-dealer\/","url":"https:\/\/alteq-international.com\/de\/vind-een-dealer\/","name":"H\u00e4ndler suchen - Alteq","isPartOf":{"@id":"https:\/\/alteq-international.com\/de\/#website"},"datePublished":"2020-06-30T10:23:40+00:00","dateModified":"2020-11-03T20:50:40+00:00","breadcrumb":{"@id":"https:\/\/alteq-international.com\/de\/vind-een-dealer\/#breadcrumb"},"inLanguage":"de","potentialAction":[{"@type":"ReadAction","target":["https:\/\/alteq-international.com\/de\/vind-een-dealer\/"]}]},{"@type":"BreadcrumbList","@id":"https:\/\/alteq-international.com\/de\/vind-een-dealer\/#breadcrumb","itemListElement":[{"@type":"ListItem","position":1,"name":"Home","item":"https:\/\/alteq-international.com\/de\/"},{"@type":"ListItem","position":2,"name":"H\u00e4ndler suchen"}]},{"@type":"WebSite","@id":"https:\/\/alteq-international.com\/de\/#website","url":"https:\/\/alteq-international.com\/de\/","name":"Alteq","description":"Pure Personality","publisher":{"@id":"https:\/\/alteq-international.com\/de\/#organization"},"potentialAction":[{"@type":"SearchAction","target":{"@type":"EntryPoint","urlTemplate":"https:\/\/alteq-international.com\/de\/?s={search_term_string}"},"query-input":{"@type":"PropertyValueSpecification","valueRequired":true,"valueName":"search_term_string"}}],"inLanguage":"de"},{"@type":"Organization","@id":"https:\/\/alteq-international.com\/de\/#organization","name":"Alteq","url":"https:\/\/alteq-international.com\/de\/","logo":{"@type":"ImageObject","inLanguage":"de","@id":"https:\/\/alteq-international.com\/de\/#\/schema\/logo\/image\/","url":"https:\/\/alteq-international.com\/wp-content\/uploads\/2020\/07\/logo-alteq-groen.png","contentUrl":"https:\/\/alteq-international.com\/wp-content\/uploads\/2020\/07\/logo-alteq-groen.png","width":837,"height":198,"caption":"Alteq"},"image":{"@id":"https:\/\/alteq-international.com\/de\/#\/schema\/logo\/image\/"}}]}},"_links":{"self":[{"href":"https:\/\/alteq-international.com\/de\/wp-json\/wp\/v2\/pages\/2989","targetHints":{"allow":["GET"]}}],"collection":[{"href":"https:\/\/alteq-international.com\/de\/wp-json\/wp\/v2\/pages"}],"about":[{"href":"https:\/\/alteq-international.com\/de\/wp-json\/wp\/v2\/types\/page"}],"author":[{"embeddable":true,"href":"https:\/\/alteq-international.com\/de\/wp-json\/wp\/v2\/users\/1"}],"replies":[{"embeddable":true,"href":"https:\/\/alteq-international.com\/de\/wp-json\/wp\/v2\/comments?post=2989"}],"version-history":[{"count":4,"href":"https:\/\/alteq-international.com\/de\/wp-json\/wp\/v2\/pages\/2989\/revisions"}],"predecessor-version":[{"id":3000,"href":"https:\/\/alteq-international.com\/de\/wp-json\/wp\/v2\/pages\/2989\/revisions\/3000"}],"wp:attachment":[{"href":"https:\/\/alteq-international.com\/de\/wp-json\/wp\/v2\/media?parent=2989"}],"curies":[{"name":"wp","href":"https:\/\/api.w.org\/{rel}","templated":true}]}}